{"id":26,"date":"2026-01-14T20:23:47","date_gmt":"2026-01-14T20:23:47","guid":{"rendered":"https:\/\/asdigitalstudio-kekckffdh9.live-website.com\/start\/"},"modified":"2026-01-28T23:04:12","modified_gmt":"2026-01-28T22:04:12","slug":"start","status":"publish","type":"page","link":"https:\/\/as-digitalstudio.de\/ru\/","title":{"rendered":"Start"},"content":{"rendered":"<div class=\"wp-block-group alignfull is-style-ext-preset--group--natural-1--section has-background-background-color has-background has-global-padding is-layout-constrained wp-container-core-group-is-layout-ebc3d855 wp-block-group-is-layout-constrained\" style=\"margin-top:0;margin-bottom:0;padding-top:0;padding-bottom:var(--wp--preset--spacing--70)\">\n<div class=\"wp-block-cover alignfull\" style=\"min-height:235px;aspect-ratio:unset;\"><img loading=\"lazy\" decoding=\"async\" width=\"960\" height=\"1440\" class=\"wp-block-cover__image-background wp-image-71\" alt=\"\" src=\"https:\/\/asdigitalstudio-kekckffdh9.live-website.com\/wp-content\/uploads\/2026\/01\/6c7b20bfadce39c171f0e24909d213830f996d57.jpg\" style=\"object-position:51% 49%\" data-object-fit=\"cover\" data-object-position=\"51% 49%\" srcset=\"https:\/\/as-digitalstudio.de\/wp-content\/uploads\/2026\/01\/6c7b20bfadce39c171f0e24909d213830f996d57.jpg 960w, https:\/\/as-digitalstudio.de\/wp-content\/uploads\/2026\/01\/6c7b20bfadce39c171f0e24909d213830f996d57-200x300.jpg 200w, https:\/\/as-digitalstudio.de\/wp-content\/uploads\/2026\/01\/6c7b20bfadce39c171f0e24909d213830f996d57-683x1024.jpg 683w, https:\/\/as-digitalstudio.de\/wp-content\/uploads\/2026\/01\/6c7b20bfadce39c171f0e24909d213830f996d57-768x1152.jpg 768w, https:\/\/as-digitalstudio.de\/wp-content\/uploads\/2026\/01\/6c7b20bfadce39c171f0e24909d213830f996d57-8x12.jpg 8w\" sizes=\"auto, (max-width: 960px) 100vw, 960px\" \/><span aria-hidden=\"true\" class=\"wp-block-cover__background has-background-dim-0 has-background-dim\"><\/span><div class=\"wp-block-cover__inner-container is-layout-flow wp-block-cover-is-layout-flow\">\n<div style=\"height:143px\" aria-hidden=\"true\" class=\"wp-block-spacer\"><\/div>\n<\/div><\/div>\n\n\n\n<div class=\"wp-block-columns alignwide is-layout-flex wp-container-core-columns-is-layout-28f84493 wp-block-columns-is-layout-flex\">\n<div class=\"wp-block-column is-layout-flow wp-block-column-is-layout-flow\">\n<h1 class=\"wp-block-heading alignwide has-large-font-size\">Wir machen Ihre Marke sichtbar \u2013 digital, kreativ, professionell<\/h1>\n<\/div>\n\n\n\n<div class=\"wp-block-column is-layout-flow wp-block-column-is-layout-flow\">\n<p>AS Digital Studio unterst\u00fctzt Unternehmen mit professionellem Webdesign, hochwertiger Videoproduktion und effektivem Social-Media-Management, um mehr Kunden zu gewinnen und online sichtbar zu werden.<\/p>\n<\/div>\n<\/div>\n\n\n\n<div class=\"wp-block-group alignfull is-style-ext-preset--group--natural-1--section has-background-background-color has-background has-global-padding is-layout-constrained wp-container-core-group-is-layout-f72f1611 wp-block-group-is-layout-constrained\" id=\"dienstleistungen\" style=\"margin-top:0;margin-bottom:0;padding-top:var(--wp--preset--spacing--70);padding-bottom:var(--wp--preset--spacing--70)\">\n<div class=\"wp-block-columns alignwide is-layout-flex wp-container-core-columns-is-layout-08c01c1c wp-block-columns-is-layout-flex\">\n<div class=\"wp-block-column is-vertically-aligned-stretch is-layout-flow wp-container-core-column-is-layout-f5bb311e wp-block-column-is-layout-flow\">\n<div class=\"wp-block-group is-style-ext-preset--group--natural-1--item-card-1--align-start has-global-padding is-layout-constrained wp-block-group-is-layout-constrained is-style-ext-preset--group--natural-1--item-card-1--align-start--3\">\n<div class=\"wp-block-group is-style-default has-global-padding is-layout-constrained wp-block-group-is-layout-constrained\">\n<figure class=\"wp-block-image size-large ext-aspect-landscape wp-duotone-primary-foreground\"><img decoding=\"async\" src=\"data:image\/svg+xml;base64,PHN2ZyB4bWxucz0iaHR0cDovL3d3dy53My5vcmcvMjAwMC9zdmciIHdpZHRoPSI0OCIgaGVpZ2h0PSI0OCIgZmlsbD0iIzAwMDAwMCIgdmlld0JveD0iMCAwIDI1NiAyNTYiPjxwYXRoIGQ9Ik0xNzIsNzZhNDQsNDQsMCwxLDAtNDQsNDRBNDQuMDUsNDQuMDUsMCwwLDAsMTcyLDc2Wm0tNDQsMjhhMjgsMjgsMCwxLDEsMjgtMjhBMjgsMjgsMCwwLDEsMTI4LDEwNFptNjAsMjRhNDQsNDQsMCwxLDAsNDQsNDRBNDQuMDUsNDQuMDUsMCwwLDAsMTg4LDEyOFptMCw3MmEyOCwyOCwwLDEsMSwyOC0yOEEyOCwyOCwwLDAsMSwxODgsMjAwWk02OCwxMjhhNDQsNDQsMCwxLDAsNDQsNDRBNDQuMDUsNDQuMDUsMCwwLDAsNjgsMTI4Wm0wLDcyYTI4LDI4LDAsMSwxLDI4LTI4QTI4LDI4LDAsMCwxLDY4LDIwMFoiPjwvcGF0aD48L3N2Zz4=\" alt=\"\" style=\"object-fit:cover\"\/><\/figure>\n\n\n\n<h3 class=\"wp-block-heading\"><strong>Webdesign &amp; Entwicklung<\/strong><\/h3>\n\n\n\n<p>Unsere Web-L\u00f6sungen passen sich perfekt an Ihre Gesch\u00e4ftsziele und Bed\u00fcrfnisse an.<\/p>\n<\/div>\n<\/div>\n<\/div>\n\n\n\n<div class=\"wp-block-column is-vertically-aligned-stretch is-layout-flow wp-container-core-column-is-layout-f5bb311e wp-block-column-is-layout-flow\">\n<div class=\"wp-block-group is-style-ext-preset--group--natural-1--item-card-1--align-start has-global-padding is-layout-constrained wp-block-group-is-layout-constrained is-style-ext-preset--group--natural-1--item-card-1--align-start--4\">\n<div class=\"wp-block-group is-style-default has-global-padding is-layout-constrained wp-block-group-is-layout-constrained\">\n<figure class=\"wp-block-image size-large ext-aspect-landscape wp-duotone-primary-foreground\"><img decoding=\"async\" src=\"data:image\/svg+xml;base64,PHN2ZyB4bWxucz0iaHR0cDovL3d3dy53My5vcmcvMjAwMC9zdmciIHdpZHRoPSI0OCIgaGVpZ2h0PSI0OCIgZmlsbD0iIzAwMDAwMCIgdmlld0JveD0iMCAwIDI1NiAyNTYiPjxwYXRoIGQ9Ik04MCw0MGE0MCw0MCwwLDEsMCw0MCw0MEE0MCw0MCwwLDAsMCw4MCw0MFptMCw2NGEyNCwyNCwwLDEsMSwyNC0yNEEyNCwyNCwwLDAsMSw4MCwxMDRabTk2LDE2YTQwLDQwLDAsMSwwLTQwLTQwQTQwLDQwLDAsMCwwLDE3NiwxMjBabTAtNjRhMjQsMjQsMCwxLDEtMjQsMjRBMjQsMjQsMCwwLDEsMTc2LDU2Wk04MCwxMzZhNDAsNDAsMCwxLDAsNDAsNDBBNDAsNDAsMCwwLDAsODAsMTM2Wm0wLDY0YTI0LDI0LDAsMSwxLDI0LTI0QTI0LDI0LDAsMCwxLDgwLDIwMFptOTYtNjRhNDAsNDAsMCwxLDAsNDAsNDBBNDAsNDAsMCwwLDAsMTc2LDEzNlptMCw2NGEyNCwyNCwwLDEsMSwyNC0yNEEyNCwyNCwwLDAsMSwxNzYsMjAwWiI+PC9wYXRoPjwvc3ZnPg==\" alt=\"\" style=\"object-fit:cover\"\/><\/figure>\n\n\n\n<h3 class=\"wp-block-heading\"><strong>Videoproduktion &amp; Werbung<\/strong><\/h3>\n\n\n\n<p>Kreative Gestaltung, die Ihre Marke unverwechselbar macht und Vertrauen schafft.<\/p>\n<\/div>\n<\/div>\n<\/div>\n\n\n\n<div class=\"wp-block-column is-vertically-aligned-stretch is-layout-flow wp-container-core-column-is-layout-f5bb311e wp-block-column-is-layout-flow\">\n<div class=\"wp-block-group is-style-ext-preset--group--natural-1--item-card-1--align-start has-global-padding is-layout-constrained wp-block-group-is-layout-constrained is-style-ext-preset--group--natural-1--item-card-1--align-start--5\">\n<div class=\"wp-block-group is-style-default has-global-padding is-layout-constrained wp-block-group-is-layout-constrained\">\n<figure class=\"wp-block-image size-large ext-aspect-landscape wp-duotone-primary-foreground\"><img decoding=\"async\" src=\"data:image\/svg+xml;base64,PHN2ZyB4bWxucz0iaHR0cDovL3d3dy53My5vcmcvMjAwMC9zdmciIHdpZHRoPSI0OCIgaGVpZ2h0PSI0OCIgZmlsbD0iIzAwMDAwMCIgdmlld0JveD0iMCAwIDI1NiAyNTYiPjxwYXRoIGQ9Ik04MCw0MGE0MCw0MCwwLDEsMCw0MCw0MEE0MCw0MCwwLDAsMCw4MCw0MFptMCw2NGEyNCwyNCwwLDEsMSwyNC0yNEEyNCwyNCwwLDAsMSw4MCwxMDRabTk2LDE2YTQwLDQwLDAsMSwwLTQwLTQwQTQwLDQwLDAsMCwwLDE3NiwxMjBabTAtNjRhMjQsMjQsMCwxLDEtMjQsMjRBMjQsMjQsMCwwLDEsMTc2LDU2Wk04MCwxMzZhNDAsNDAsMCwxLDAsNDAsNDBBNDAsNDAsMCwwLDAsODAsMTM2Wm0wLDY0YTI0LDI0LDAsMSwxLDI0LTI0QTI0LDI0LDAsMCwxLDgwLDIwMFptMTM2LTI0YTgsOCwwLDAsMS04LDhIMTg0djI0YTgsOCwwLDAsMS0xNiwwVjE4NEgxNDRhOCw4LDAsMCwxLDAtMTZoMjRWMTQ0YTgsOCwwLDAsMSwxNiwwdjI0aDI0QTgsOCwwLDAsMSwyMTYsMTc2WiI+PC9wYXRoPjwvc3ZnPg==\" alt=\"\" style=\"object-fit:cover\"\/><\/figure>\n\n\n\n<h3 class=\"wp-block-heading\"><strong>Social-Media-Management<\/strong><\/h3>\n\n\n\n<p>Gezielte Strategien f\u00fcr Ihre Online-Pr\u00e4senz mit messbaren Erfolgen.<\/p>\n<\/div>\n<\/div>\n<\/div>\n<\/div>\n<\/div>\n\n\n\n<figure class=\"wp-block-image size-large\"><img loading=\"lazy\" decoding=\"async\" width=\"1209\" height=\"659\" src=\"https:\/\/asdigitalstudio-kekckffdh9.live-website.com\/wp-content\/uploads\/2026\/01\/1-edited.png\" alt=\"\" class=\"wp-image-115\" srcset=\"https:\/\/as-digitalstudio.de\/wp-content\/uploads\/2026\/01\/1-edited.png 1209w, https:\/\/as-digitalstudio.de\/wp-content\/uploads\/2026\/01\/1-edited-300x164.png 300w, https:\/\/as-digitalstudio.de\/wp-content\/uploads\/2026\/01\/1-edited-1024x558.png 1024w, https:\/\/as-digitalstudio.de\/wp-content\/uploads\/2026\/01\/1-edited-768x419.png 768w, https:\/\/as-digitalstudio.de\/wp-content\/uploads\/2026\/01\/1-edited-18x10.png 18w\" sizes=\"auto, (max-width: 1209px) 100vw, 1209px\" \/><\/figure>\n\n\n<\/div>","protected":false},"excerpt":{"rendered":"<p>Wir machen Ihre Marke sichtbar \u2013 digital, kreativ, professionell AS Digital Studio unterst\u00fctzt Unternehmen mit professionellem Webdesign, hochwertiger Videoproduktion und effektivem Social-Media-Management, um mehr Kunden zu gewinnen und online sichtbar zu werden. Webdesign &amp; Entwicklung Unsere Web-L\u00f6sungen passen sich perfekt an Ihre Gesch\u00e4ftsziele und Bed\u00fcrfnisse an. Videoproduktion &amp; Werbung Kreative Gestaltung, die Ihre Marke unverwechselbar [&hellip;]<\/p>\n","protected":false},"author":1,"featured_media":0,"parent":0,"menu_order":0,"comment_status":"closed","ping_status":"closed","template":"no-title","meta":{"footnotes":""},"class_list":["post-26","page","type-page","status-publish","hentry"],"aioseo_notices":[],"_links":{"self":[{"href":"https:\/\/as-digitalstudio.de\/ru\/wp-json\/wp\/v2\/pages\/26","targetHints":{"allow":["GET"]}}],"collection":[{"href":"https:\/\/as-digitalstudio.de\/ru\/wp-json\/wp\/v2\/pages"}],"about":[{"href":"https:\/\/as-digitalstudio.de\/ru\/wp-json\/wp\/v2\/types\/page"}],"author":[{"embeddable":true,"href":"https:\/\/as-digitalstudio.de\/ru\/wp-json\/wp\/v2\/users\/1"}],"replies":[{"embeddable":true,"href":"https:\/\/as-digitalstudio.de\/ru\/wp-json\/wp\/v2\/comments?post=26"}],"version-history":[{"count":8,"href":"https:\/\/as-digitalstudio.de\/ru\/wp-json\/wp\/v2\/pages\/26\/revisions"}],"predecessor-version":[{"id":162,"href":"https:\/\/as-digitalstudio.de\/ru\/wp-json\/wp\/v2\/pages\/26\/revisions\/162"}],"wp:attachment":[{"href":"https:\/\/as-digitalstudio.de\/ru\/wp-json\/wp\/v2\/media?parent=26"}],"curies":[{"name":"wp","href":"https:\/\/api.w.org\/{rel}","templated":true}]}}